{"id":1361,"date":"2025-10-03T13:17:32","date_gmt":"2025-10-03T16:17:32","guid":{"rendered":"https:\/\/hackerrangers.siteup.dev\/?page_id=1361"},"modified":"2025-12-17T15:32:35","modified_gmt":"2025-12-17T18:32:35","slug":"privacy-policy","status":"publish","type":"page","link":"https:\/\/hackerrangers.siteup.dev\/es\/privacy-policy\/","title":{"rendered":"Pol\u00edtica de Privacidad"},"content":{"rendered":"<p>Considerando el compromiso asumido por Perallis Security de promover la confidencialidad y transparencia en cuanto al tratamiento de los datos personales que realiza, esta Pol\u00edtica de Privacidad tiene como objetivo informar a los titulares y \/ o sus representantes legales sobre el uso de sus datos.<\/p>\n<h2>\u00bfQU\u00c9 ES EL TRATAMIENTO DE DATOS PERSONALES?<\/h2>\n<p>Los datos personales son cualquier informaci\u00f3n que identifica o permite la identificaci\u00f3n de una persona. Cualquier actividad que involucre estos datos puede considerarse un \u201ctratamiento de datos personales\u201d, como la recopilaci\u00f3n y el almacenamiento.<\/p>\n<p>Para una mejor comprensi\u00f3n, hemos dividido nuestra pol\u00edtica de privacidad en dos secciones. Si usted utiliza los formularios de contacto de los sitios web hackerrangers.com y perallis.com, encontrar\u00e1s informaci\u00f3n acerca del tratamiento de sus datos en la secci\u00f3n \u201ccontacto comercial\u201d. Si usted es un usuario de la plataforma Hacker Rangers, la informaci\u00f3n sobre c\u00f3mo se utilizan sus datos en la plataforma est\u00e1 disponible en la secci\u00f3n \u201cusuarios Hacker Rangers\u201d.<\/p>\n<h2>CONTACTO COMERCIAL<\/h2>\n<h3>\u00bfQU\u00c9 DATOS RECOPILAMOS?<\/h3>\n<p>Para iniciar el contacto comercial, solo solicitamos su nombre, correo electr\u00f3nico, tel\u00e9fono, cargo y organizaci\u00f3n, que son necesarios para hacer viable el contacto. Tambi\u00e9n recopilamos su direcci\u00f3n IP cuando se env\u00eda el formulario.<\/p>\n<h3>\u00bfPOR QU\u00c9 TRATAMOS SUS DATOS?<\/h3>\n<p>Los datos solicitados se utilizan con la \u00fanica finalidad de posibilitar la comunicaci\u00f3n comercial de Perallis con las personas que, al enviar su informaci\u00f3n de contacto, manifestaron inter\u00e9s en solicitar el per\u00edodo de prueba gratuito y conocer m\u00e1s detalles acerca del funcionamiento de la plataforma Hacker Rangers. Utilizamos la direcci\u00f3n IP para garantizar la seguridad y control de qui\u00e9nes env\u00edan la informaci\u00f3n, buscando evitar situaciones fraudulentas que contengan informaci\u00f3n falsa y \/ o que puedan perjudicar a los titulares de los datos recopilados, especialmente si no han sido enviados por el titular.<\/p>\n<h3>\u00bfQUI\u00c9N TIENE ACCESO A LOS DATOS?<\/h3>\n<p>Los datos recopilados se mantienen confidenciales y seguros por Perallis, y son accesibles solo por los empleados que participan en el proceso de contacto comercial y eventual negociaci\u00f3n, quienes se comprometen a garantizar la confidencialidad de la informaci\u00f3n. No compartimos datos personales p\u00fablicamente ni con terceros, excepto por solicitud expresa del titular o cuando lo requiera la ley.<\/p>\n<h3>\u00bfC\u00d3MO UTILIZAMOS SUS DATOS?<\/h3>\n<p>El contacto comercial de Perallis incluye la comunicaci\u00f3n por tel\u00e9fono y correo electr\u00f3nico, con el fin de presentar las particularidades de la plataforma y brindar informaci\u00f3n relevante con relaci\u00f3n al producto.<\/p>\n<h3>\u00bfPOR CU\u00c1NTO TIEMPO?<\/h3>\n<p>Los datos se mantendr\u00e1n mientras exista inter\u00e9s comercial entre las partes. Usted puede solicitar el fin del contacto comercial y la eliminaci\u00f3n de sus datos en cualquier momento a trav\u00e9s de los canales de atenci\u00f3n.<\/p>\n<p>En el caso de que Perallis entienda que, a pesar del env\u00edo de los datos, no haya o ha dejado de haber inter\u00e9s comercial entre las partes, los datos podr\u00e1n ser eliminados independientemente de previo aviso, y el titular tiene derecho a solicitar la confirmaci\u00f3n de la existencia del tratamiento en cualquier momento.<\/p>\n<h2>USUARIOS DE HACKER RANGERS<\/h2>\n<h3>\u00bfQU\u00c9 DATOS RECOPILAMOS?<\/h3>\n<p>Para el uso de Hacker Rangers, solo solicitamos nombre y correo electr\u00f3nico. En el perfil del usuario, existe la posibilidad de definir una foto de identificaci\u00f3n, y el env\u00edo es opcional. Tambi\u00e9n recopilamos la direcci\u00f3n IP del usuario cada vez que accede a la plataforma.<\/p>\n<h3>\u00bfPOR QU\u00c9 TRATAMOS SUS DATOS?<\/h3>\n<p class=\"translation-block\">El tratamiento de los datos personales mencionados tiene el objetivo de hacer viable el uso completo de la plataforma por parte de los usuarios registrados en una instancia por su (s) administrador (es).\nA tal efecto, se denomina instancia la parte creada como resultado de la contrataci\u00f3n de una licencia de uso de Hacker Rangers, para uso exclusivo de la persona jur\u00eddica contratante, que controla y administra la instancia. Adem\u00e1s, utilizamos la direcci\u00f3n IP para el control de acceso y la seguridad del usuario, buscando evitar situaciones fraudulentas que puedan causar da\u00f1os al usuario y a la integridad de la plataforma.<\/p>\n<h3><strong>\u00bfQUI\u00c9N TIENE ACCESO A LOS DATOS?<\/strong><\/h3>\n<p dir=\"ltr\">Los datos recopilados se mantienen confidenciales y seguros por Perallis, y son accesibles por los empleados que trabajan en el mantenimiento de Hacker Rangers. Considerando las funcionalidades y actividades inherentes a la plataforma, los administradores de la instancia tienen acceso a la informaci\u00f3n de los usuarios registrados en la instancia bajo su control, y pueden, incluso, compartir esta informaci\u00f3n entre los usuarios. Adem\u00e1s, para que el ranking est\u00e9 disponible, los usuarios de la misma instancia podr\u00e1n tener acceso a los nombres y fotos de los dem\u00e1s.<\/p>\n<h3><strong>\u00bfC\u00d3MO UTILIZAMOS SUS DATOS?<\/strong><\/h3>\n<p dir=\"ltr\">Usamos datos personales para identificar y registrar las actividades de los usuarios durante el uso de Hacker Rangers, por ejemplo: creaci\u00f3n de cuenta personal, asignaci\u00f3n de puntaje, posici\u00f3n en el ranking, entre otros, relacionados con el uso com\u00fan y esperado de la plataforma. Tambi\u00e9n se pueden enviar correos electr\u00f3nicos para restablecer contrase\u00f1as, simulaciones de phishing e informaci\u00f3n relevante.<\/p>\n<h3><strong>\u00bfPOR CU\u00c1NTO TIEMPO?<\/strong><\/h3>\n<p dir=\"ltr\">Los datos se mantendr\u00e1n durante la vigencia del contrato de licencia de uso de Hacker Rangers que origin\u00f3 la instancia donde el usuario est\u00e1 registrado. Una vez finalizado el plazo contratado, los datos ser\u00e1n eliminados dentro de 30 (treinta) d\u00edas, independientemente de previo aviso. Los datos podr\u00e1n ser conservados a petici\u00f3n expresa del (de los) administrador (es) de la instancia o cuando as\u00ed lo requiera la ley, quedando resguardado el derecho del titular a solicitar la confirmaci\u00f3n de la existencia del tratamiento en cualquier momento.<\/p>\n<h3><strong>COOKIES DE TERCEIROS<\/strong><\/h3>\n<p dir=\"ltr\">P\u00e1ginas que contienen contenido incorporado de sitios web de terceros pueden generar cookies que pertenecen y se administran de acuerdo con la pol\u00edtica de privacidad del sitio web de origen. Le recomendamos que consulte las pol\u00edticas de privacidad de estos terceros para obtener m\u00e1s informaci\u00f3n sobre el uso que hacen de sus datos en estos casos.<\/p>\n<h2>Otras informaciones pertinentes<\/h2>\n<p>Durante el per\u00edodo de prueba gratuito de Hacker Rangers, en caso de que la solicitud haya sido aprobada, as\u00ed como durante la vigencia contractual de la licencia de uso de la plataforma, quienes utilicen la plataforma estar\u00e1n sujetos a sus T\u00e9rminos de Uso, a los que se puede acceder\u00a0<a class=\"external-link\" title=\"\" href=\"https:\/\/hackerrangers.siteup.dev\/es\/terms-of-use\/\" target=\"_self\">aqu\u00ed<\/a>.<\/p>\n<p><strong>Encargado de los Datos Personales<br \/>\n<\/strong>Vin\u00edcius Perallis<br \/>\nvinicius@perallis.com<\/p>","protected":false},"excerpt":{"rendered":"<p>Considering the commitment made by HACKER RANGERS SECURITY AWARENESS LLC (herein referred to as &#8220;we&#8221;, &#8220;us&#8221;, &#8220;our&#8221; and &#8220;Hacker Rangers&#8221;) to promote confidentiality and transparency about the processing of personal data, this Privacy Policy aims to inform data subjects and\/or their legal representatives about the use of their data. WHAT IS THE PROCESSING OF PERSONAL [&hellip;]<\/p>\n","protected":false},"author":2,"featured_media":0,"parent":0,"menu_order":0,"comment_status":"closed","ping_status":"closed","template":"","meta":{"_acf_changed":false,"content-type":"","inline_featured_image":false,"footnotes":""},"class_list":["post-1361","page","type-page","status-publish","hentry"],"acf":[],"yoast_head":"<!-- This site is optimized with the Yoast SEO plugin v26.9 - https:\/\/yoast.com\/product\/yoast-seo-wordpress\/ -->\n<title>Privacy Policy | Hacker Rangers<\/title>\n<meta name=\"robots\" content=\"noindex, follow, max-snippet:-1, max-image-preview:large, max-video-preview:-1\" \/>\n<meta property=\"og:locale\" content=\"es_ES\" \/>\n<meta property=\"og:type\" content=\"article\" \/>\n<meta property=\"og:title\" content=\"Privacy Policy | Hacker Rangers\" \/>\n<meta property=\"og:description\" content=\"Considering the commitment made by HACKER RANGERS SECURITY AWARENESS LLC (herein referred to as &#8220;we&#8221;, &#8220;us&#8221;, &#8220;our&#8221; and &#8220;Hacker Rangers&#8221;) to promote confidentiality and transparency about the processing of personal data, this Privacy Policy aims to inform data subjects and\/or their legal representatives about the use of their data. WHAT IS THE PROCESSING OF PERSONAL [&hellip;]\" \/>\n<meta property=\"og:url\" content=\"https:\/\/hackerrangers.siteup.dev\/es\/privacy-policy\/\" \/>\n<meta property=\"og:site_name\" content=\"Hacker Rangers\" \/>\n<meta property=\"article:modified_time\" content=\"2025-12-17T18:32:35+00:00\" \/>\n<meta name=\"twitter:card\" content=\"summary_large_image\" \/>\n<meta name=\"twitter:label1\" content=\"Tiempo de lectura\" \/>\n\t<meta name=\"twitter:data1\" content=\"6 minutos\" \/>\n<script type=\"application\/ld+json\" class=\"yoast-schema-graph\">{\"@context\":\"https:\/\/schema.org\",\"@graph\":[{\"@type\":\"WebPage\",\"@id\":\"https:\/\/hackerrangers.siteup.dev\/privacy-policy\/\",\"url\":\"https:\/\/hackerrangers.siteup.dev\/privacy-policy\/\",\"name\":\"Privacy Policy | Hacker Rangers\",\"isPartOf\":{\"@id\":\"https:\/\/hackerrangers.siteup.dev\/#website\"},\"datePublished\":\"2025-10-03T16:17:32+00:00\",\"dateModified\":\"2025-12-17T18:32:35+00:00\",\"breadcrumb\":{\"@id\":\"https:\/\/hackerrangers.siteup.dev\/privacy-policy\/#breadcrumb\"},\"inLanguage\":\"es\",\"potentialAction\":[{\"@type\":\"ReadAction\",\"target\":[\"https:\/\/hackerrangers.siteup.dev\/privacy-policy\/\"]}]},{\"@type\":\"BreadcrumbList\",\"@id\":\"https:\/\/hackerrangers.siteup.dev\/privacy-policy\/#breadcrumb\",\"itemListElement\":[{\"@type\":\"ListItem\",\"position\":1,\"name\":\"In\u00edcio\",\"item\":\"https:\/\/hackerrangers.siteup.dev\/\"},{\"@type\":\"ListItem\",\"position\":2,\"name\":\"Privacy Policy\"}]},{\"@type\":\"WebSite\",\"@id\":\"https:\/\/hackerrangers.siteup.dev\/#website\",\"url\":\"https:\/\/hackerrangers.siteup.dev\/\",\"name\":\"Hacker Rangers\",\"description\":\"\",\"publisher\":{\"@id\":\"https:\/\/hackerrangers.siteup.dev\/#organization\"},\"potentialAction\":[{\"@type\":\"SearchAction\",\"target\":{\"@type\":\"EntryPoint\",\"urlTemplate\":\"https:\/\/hackerrangers.siteup.dev\/?s={search_term_string}\"},\"query-input\":{\"@type\":\"PropertyValueSpecification\",\"valueRequired\":true,\"valueName\":\"search_term_string\"}}],\"inLanguage\":\"es\"},{\"@type\":\"Organization\",\"@id\":\"https:\/\/hackerrangers.siteup.dev\/#organization\",\"name\":\"Hacker Rangers\",\"url\":\"https:\/\/hackerrangers.siteup.dev\/\",\"logo\":{\"@type\":\"ImageObject\",\"inLanguage\":\"es\",\"@id\":\"https:\/\/hackerrangers.siteup.dev\/#\/schema\/logo\/image\/\",\"url\":\"https:\/\/hackerrangers.siteup.dev\/wp-content\/uploads\/2025\/07\/logo.svg\",\"contentUrl\":\"https:\/\/hackerrangers.siteup.dev\/wp-content\/uploads\/2025\/07\/logo.svg\",\"width\":104,\"height\":50,\"caption\":\"Hacker Rangers\"},\"image\":{\"@id\":\"https:\/\/hackerrangers.siteup.dev\/#\/schema\/logo\/image\/\"}}]}<\/script>\n<!-- \/ Yoast SEO plugin. -->","yoast_head_json":{"title":"Pol\u00edtica de Privacidad | Hacker Rangers","robots":{"index":"noindex","follow":"follow","max-snippet":"max-snippet:-1","max-image-preview":"max-image-preview:large","max-video-preview":"max-video-preview:-1"},"og_locale":"es_ES","og_type":"article","og_title":"Privacy Policy | Hacker Rangers","og_description":"Considering the commitment made by HACKER RANGERS SECURITY AWARENESS LLC (herein referred to as &#8220;we&#8221;, &#8220;us&#8221;, &#8220;our&#8221; and &#8220;Hacker Rangers&#8221;) to promote confidentiality and transparency about the processing of personal data, this Privacy Policy aims to inform data subjects and\/or their legal representatives about the use of their data. WHAT IS THE PROCESSING OF PERSONAL [&hellip;]","og_url":"https:\/\/hackerrangers.siteup.dev\/es\/privacy-policy\/","og_site_name":"Hacker Rangers","article_modified_time":"2025-12-17T18:32:35+00:00","twitter_card":"summary_large_image","twitter_misc":{"Tiempo de lectura":"6 minutos"},"schema":{"@context":"https:\/\/schema.org","@graph":[{"@type":"WebPage","@id":"https:\/\/hackerrangers.siteup.dev\/privacy-policy\/","url":"https:\/\/hackerrangers.siteup.dev\/privacy-policy\/","name":"Pol\u00edtica de Privacidad | Hacker Rangers","isPartOf":{"@id":"https:\/\/hackerrangers.siteup.dev\/#website"},"datePublished":"2025-10-03T16:17:32+00:00","dateModified":"2025-12-17T18:32:35+00:00","breadcrumb":{"@id":"https:\/\/hackerrangers.siteup.dev\/privacy-policy\/#breadcrumb"},"inLanguage":"es","potentialAction":[{"@type":"ReadAction","target":["https:\/\/hackerrangers.siteup.dev\/privacy-policy\/"]}]},{"@type":"BreadcrumbList","@id":"https:\/\/hackerrangers.siteup.dev\/privacy-policy\/#breadcrumb","itemListElement":[{"@type":"ListItem","position":1,"name":"In\u00edcio","item":"https:\/\/hackerrangers.siteup.dev\/"},{"@type":"ListItem","position":2,"name":"Privacy Policy"}]},{"@type":"WebSite","@id":"https:\/\/hackerrangers.siteup.dev\/#website","url":"https:\/\/hackerrangers.siteup.dev\/","name":"Hacker Rangers","description":"","publisher":{"@id":"https:\/\/hackerrangers.siteup.dev\/#organization"},"potentialAction":[{"@type":"SearchAction","target":{"@type":"EntryPoint","urlTemplate":"https:\/\/hackerrangers.siteup.dev\/?s={search_term_string}"},"query-input":{"@type":"PropertyValueSpecification","valueRequired":true,"valueName":"search_term_string"}}],"inLanguage":"es"},{"@type":"Organization","@id":"https:\/\/hackerrangers.siteup.dev\/#organization","name":"Hacker Rangers","url":"https:\/\/hackerrangers.siteup.dev\/","logo":{"@type":"ImageObject","inLanguage":"es","@id":"https:\/\/hackerrangers.siteup.dev\/#\/schema\/logo\/image\/","url":"https:\/\/hackerrangers.siteup.dev\/wp-content\/uploads\/2025\/07\/logo.svg","contentUrl":"https:\/\/hackerrangers.siteup.dev\/wp-content\/uploads\/2025\/07\/logo.svg","width":104,"height":50,"caption":"Hacker Rangers"},"image":{"@id":"https:\/\/hackerrangers.siteup.dev\/#\/schema\/logo\/image\/"}}]}},"_links":{"self":[{"href":"https:\/\/hackerrangers.siteup.dev\/es\/wp-json\/wp\/v2\/pages\/1361","targetHints":{"allow":["GET"]}}],"collection":[{"href":"https:\/\/hackerrangers.siteup.dev\/es\/wp-json\/wp\/v2\/pages"}],"about":[{"href":"https:\/\/hackerrangers.siteup.dev\/es\/wp-json\/wp\/v2\/types\/page"}],"author":[{"embeddable":true,"href":"https:\/\/hackerrangers.siteup.dev\/es\/wp-json\/wp\/v2\/users\/2"}],"replies":[{"embeddable":true,"href":"https:\/\/hackerrangers.siteup.dev\/es\/wp-json\/wp\/v2\/comments?post=1361"}],"version-history":[{"count":0,"href":"https:\/\/hackerrangers.siteup.dev\/es\/wp-json\/wp\/v2\/pages\/1361\/revisions"}],"wp:attachment":[{"href":"https:\/\/hackerrangers.siteup.dev\/es\/wp-json\/wp\/v2\/media?parent=1361"}],"curies":[{"name":"wp","href":"https:\/\/api.w.org\/{rel}","templated":true}]}}