{"id":1361,"date":"2025-10-03T13:17:32","date_gmt":"2025-10-03T16:17:32","guid":{"rendered":"https:\/\/hackerrangers.siteup.dev\/?page_id=1361"},"modified":"2025-12-17T15:32:35","modified_gmt":"2025-12-17T18:32:35","slug":"privacy-policy","status":"publish","type":"page","link":"https:\/\/hackerrangers.siteup.dev\/pt\/privacy-policy\/","title":{"rendered":"Pol\u00edtica de Privacidade"},"content":{"rendered":"<p>Considerando o compromisso assumido pela Perallis Security em promover a confidencialidade e a transpar\u00eancia sobre o tratamento de dados pessoais que realiza, esta Pol\u00edtica de Privacidade tem como objetivo informar aos titulares e\/ou seus representantes legais sobre o uso de seus dados.<\/p>\n<h2>O que \u00e9 tratamento de dados pessoais?<\/h2>\n<p>Dados pessoais s\u00e3o informa\u00e7\u00f5es que identificam ou permitem a identifica\u00e7\u00e3o de uma pessoa. Qualquer atividade envolvendo esses dados pode ser considerada \u201ctratamento de dados pessoais\u201d, como coleta e armazenamento.<\/p>\n<p>Para melhor compreens\u00e3o, dividimos nossa pol\u00edtica de privacidade em duas se\u00e7\u00f5es. Caso voc\u00ea utilize os formul\u00e1rios de contato presentes nos sites hackerrangers.com e perallis.com, voc\u00ea encontrar\u00e1 informa\u00e7\u00f5es sobre o tratamento de seus dados na se\u00e7\u00e3o \u201ccontato comercial\u201d. Se voc\u00ea \u00e9 usu\u00e1rio da plataforma Hacker Rangers, as informa\u00e7\u00f5es sobre como seus dados s\u00e3o utilizados na plataforma est\u00e3o dispon\u00edveis na se\u00e7\u00e3o \u201cusu\u00e1rios Hacker Rangers\u201d.<\/p>\n<h2>CONTATO COMERCIAL<\/h2>\n<h3>Quais dados coletamos?<\/h3>\n<p>Para iniciar o contato comercial, n\u00f3s solicitamos apenas seu nome, e-mail, telefone, cargo e organiza\u00e7\u00e3o, que s\u00e3o necess\u00e1rios para viabilizar o contato. Tamb\u00e9m coletamos seu endere\u00e7o de IP quando o formul\u00e1rio \u00e9 enviado.<\/p>\n<h3>Por que tratamos seus dados?<\/h3>\n<p>Os dados solicitados s\u00e3o utilizados com a finalidade exclusiva de viabilizar a comunica\u00e7\u00e3o comercial da Perallis com aqueles que, ao enviar suas informa\u00e7\u00f5es de contato, manifestaram interesse em solicitar o per\u00edodo de teste gratuito e conhecer mais detalhes sobre o funcionamento da plataforma Hacker Rangers.Utilizamos o endere\u00e7o de IP para seguran\u00e7a e controle de quem envia as informa\u00e7\u00f5es, buscando evitar situa\u00e7\u00f5es fraudulentas que envolvam informa\u00e7\u00f5es falsas e\/ou que possam prejudicar os titulares dos dados coletados, especialmente na hip\u00f3tese de n\u00e3o terem sido enviados pelo pr\u00f3prio titular.<\/p>\n<h3>Quem tem acesso a eles?<\/h3>\n<p>Os dados coletados s\u00e3o mantidos sob sigilo e seguran\u00e7a pela Perallis, sendo acess\u00edveis apenas pelos colaboradores que participam do processo de contato comercial e eventual negocia\u00e7\u00e3o, os quais est\u00e3o comprometidos em assegurar a confidencialidade das informa\u00e7\u00f5es. N\u00e3o compartilhamos dados pessoais publicamente ou com terceiros, exceto se por solicita\u00e7\u00e3o expressa do titular ou quando exigido por lei.<\/p>\n<h3>Como utilizamos seus dados?<\/h3>\n<p>O contato comercial da Perallis inclui comunica\u00e7\u00e3o por telefone e e-mail, com o intuito de apresentar as particularidades da plataforma e prestar informa\u00e7\u00f5es pertinentes ao produto.<\/p>\n<h3>Por quanto tempo?<\/h3>\n<p>Os dados ser\u00e3o mantidos enquanto houver interesse comercial entre as partes. Voc\u00ea poder\u00e1 solicitar o fim do contato comercial e a elimina\u00e7\u00e3o de seus dados a qualquer momento atrav\u00e9s dos canais de atendimento.<\/p>\n<p>Na hip\u00f3tese da Perallis entender que, apesar do envio dos dados, n\u00e3o h\u00e1 ou deixou de haver interesse comercial entre as partes, os dados poder\u00e3o ser eliminados independentemente de aviso, sendo resguardado o direito do titular de solicitar a confirma\u00e7\u00e3o da exist\u00eancia de tratamento a qualquer momento.<\/p>\n<h2>USU\u00c1RIOS HACKER RANGERS<\/h2>\n<h3>Quais dados coletamos?<\/h3>\n<p>Para o uso do Hacker Rangers, solicitamos apenas nome e e-mail. No perfil do usu\u00e1rio, h\u00e1 a possibilidade de definir uma foto de identifica\u00e7\u00e3o, sendo que o envio \u00e9 opcional. Tamb\u00e9m coletamos o endere\u00e7o de IP do usu\u00e1rio sempre que a plataforma \u00e9 acessada por ele.<\/p>\n<h3>Por que tratamos seus dados?<\/h3>\n<p class=\"translation-block\">O tratamento dos dados pessoais mencionados tem como finalidade viabilizar a plena utiliza\u00e7\u00e3o da plataforma pelos usu\u00e1rios registrados em uma inst\u00e2ncia por seu(s) administrador(es).\nPara efeito, denomina-se inst\u00e2ncia a parte criada em decorr\u00eancia da contrata\u00e7\u00e3o de licen\u00e7a de uso do Hacker Rangers, para uso exclusivo da pessoa jur\u00eddica contratante, que controla e administra a inst\u00e2ncia.\nAdemais, utilizamos o endere\u00e7o de IP para controle de acesso e seguran\u00e7a do usu\u00e1rio, buscando evitar situa\u00e7\u00f5es fraudulentas que possam causar danos ao usu\u00e1rio e ao funcionamento \u00edntegro da plataforma.<\/p>\n<h3><strong>Quem tem acesso a eles?<\/strong><\/h3>\n<p dir=\"ltr\">Os dados coletados s\u00e3o mantidos sob sigilo e seguran\u00e7a pela Perallis, sendo acess\u00edveis pelos colaboradores que atuam na manuten\u00e7\u00e3o do Hacker Rangers. Considerando as funcionalidades e atividades inerentes \u00e0 plataforma, os administradores das inst\u00e2ncias possuem acesso \u00e0s informa\u00e7\u00f5es dos usu\u00e1rios registrados na inst\u00e2ncia sob seu controle, podendo inclusive compartilhar essas informa\u00e7\u00f5es entre os usu\u00e1rios. Al\u00e9m disso, para a disponibiliza\u00e7\u00e3o do ranking, usu\u00e1rios de uma mesma inst\u00e2ncia poder\u00e3o ter acesso aos nomes e \u00e0s fotos uns dos outros.<\/p>\n<h3><strong>Como utilizamos seus dados?<\/strong><\/h3>\n<p dir=\"ltr\">Utilizamos os dados pessoais para identifica\u00e7\u00e3o e registro das atividades do usu\u00e1rio durante o uso do Hacker Rangers, por exemplo: cria\u00e7\u00e3o da conta pessoal, designa\u00e7\u00e3o de pontua\u00e7\u00e3o, posicionamento no ranking, entre outras relacionadas ao uso comum e esperado da plataforma. Tamb\u00e9m poder\u00e3o ser enviados e-mails para redefini\u00e7\u00e3o de senha, simula\u00e7\u00f5es de phishing e informa\u00e7\u00f5es relevantes.<\/p>\n<h3><strong>Por quanto tempo?<\/strong><\/h3>\n<p dir=\"ltr\">Os dados ser\u00e3o mantidos durante a vig\u00eancia do contrato de licen\u00e7a de uso do Hacker Rangers que originou a inst\u00e2ncia onde o usu\u00e1rio est\u00e1 registrado. Ao final do per\u00edodo contratado, os dados ser\u00e3o eliminados no prazo de 30 (trinta) dias, independentemente de aviso. Os dados poder\u00e3o ser mantidos a pedido expresso do(s) administrador(es) da inst\u00e2ncia ou quando houver exig\u00eancia por lei, sendo resguardado o direito do titular de solicitar a confirma\u00e7\u00e3o da exist\u00eancia de tratamento a qualquer momento.<\/p>\n<h3><strong>COOKIES DE TERCEIROS<\/strong><\/h3>\n<p dir=\"ltr\">P\u00e1ginas que cont\u00eam conte\u00fados incorporados de sites de terceiros podem gerar cookies que pertencem e s\u00e3o administrados conforme a pol\u00edtica de privacidade do site de origem. Recomendamos que voc\u00ea consulte as pol\u00edticas de privacidade destes terceiros para obter mais informa\u00e7\u00f5es sobre o uso de seus dados nesses casos.<\/p>\n<h2>Outras informa\u00e7\u00f5es pertinentes<\/h2>\n<p>Durante o per\u00edodo de teste gratuito do Hacker Rangers, caso a solicita\u00e7\u00e3o tenha sido aprovada, bem como durante a vig\u00eancia contratual da licen\u00e7a de uso da plataforma, aquele que utiliza a plataforma estar\u00e1 sujeito aos Termos de Uso da mesma, os quais podem ser acessados\u00a0<a class=\"external-link\" title=\"\" href=\"https:\/\/hackerrangers.siteup.dev\/pt\/terms-of-use\/\" target=\"_self\">aqui<\/a>.<\/p>\n<p><strong>Encarregado pelos dados pessoais<br \/>\n<\/strong>Vin\u00edcius Perallis<br \/>\nvinicius@perallis.com<\/p>","protected":false},"excerpt":{"rendered":"<p>Considering the commitment made by HACKER RANGERS SECURITY AWARENESS LLC (herein referred to as &#8220;we&#8221;, &#8220;us&#8221;, &#8220;our&#8221; and &#8220;Hacker Rangers&#8221;) to promote confidentiality and transparency about the processing of personal data, this Privacy Policy aims to inform data subjects and\/or their legal representatives about the use of their data. WHAT IS THE PROCESSING OF PERSONAL [&hellip;]<\/p>\n","protected":false},"author":2,"featured_media":0,"parent":0,"menu_order":0,"comment_status":"closed","ping_status":"closed","template":"","meta":{"_acf_changed":false,"content-type":"","inline_featured_image":false,"footnotes":""},"class_list":["post-1361","page","type-page","status-publish","hentry"],"acf":[],"yoast_head":"<!-- This site is optimized with the Yoast SEO plugin v26.9 - https:\/\/yoast.com\/product\/yoast-seo-wordpress\/ -->\n<title>Privacy Policy | Hacker Rangers<\/title>\n<meta name=\"robots\" content=\"noindex, follow, max-snippet:-1, max-image-preview:large, max-video-preview:-1\" \/>\n<meta property=\"og:locale\" content=\"pt_BR\" \/>\n<meta property=\"og:type\" content=\"article\" \/>\n<meta property=\"og:title\" content=\"Privacy Policy | Hacker Rangers\" \/>\n<meta property=\"og:description\" content=\"Considering the commitment made by HACKER RANGERS SECURITY AWARENESS LLC (herein referred to as &#8220;we&#8221;, &#8220;us&#8221;, &#8220;our&#8221; and &#8220;Hacker Rangers&#8221;) to promote confidentiality and transparency about the processing of personal data, this Privacy Policy aims to inform data subjects and\/or their legal representatives about the use of their data. WHAT IS THE PROCESSING OF PERSONAL [&hellip;]\" \/>\n<meta property=\"og:url\" content=\"https:\/\/hackerrangers.siteup.dev\/pt\/privacy-policy\/\" \/>\n<meta property=\"og:site_name\" content=\"Hacker Rangers\" \/>\n<meta property=\"article:modified_time\" content=\"2025-12-17T18:32:35+00:00\" \/>\n<meta name=\"twitter:card\" content=\"summary_large_image\" \/>\n<meta name=\"twitter:label1\" content=\"Est. tempo de leitura\" \/>\n\t<meta name=\"twitter:data1\" content=\"6 minutos\" \/>\n<script type=\"application\/ld+json\" class=\"yoast-schema-graph\">{\"@context\":\"https:\/\/schema.org\",\"@graph\":[{\"@type\":\"WebPage\",\"@id\":\"https:\/\/hackerrangers.siteup.dev\/privacy-policy\/\",\"url\":\"https:\/\/hackerrangers.siteup.dev\/privacy-policy\/\",\"name\":\"Privacy Policy | Hacker Rangers\",\"isPartOf\":{\"@id\":\"https:\/\/hackerrangers.siteup.dev\/#website\"},\"datePublished\":\"2025-10-03T16:17:32+00:00\",\"dateModified\":\"2025-12-17T18:32:35+00:00\",\"breadcrumb\":{\"@id\":\"https:\/\/hackerrangers.siteup.dev\/privacy-policy\/#breadcrumb\"},\"inLanguage\":\"pt-BR\",\"potentialAction\":[{\"@type\":\"ReadAction\",\"target\":[\"https:\/\/hackerrangers.siteup.dev\/privacy-policy\/\"]}]},{\"@type\":\"BreadcrumbList\",\"@id\":\"https:\/\/hackerrangers.siteup.dev\/privacy-policy\/#breadcrumb\",\"itemListElement\":[{\"@type\":\"ListItem\",\"position\":1,\"name\":\"In\u00edcio\",\"item\":\"https:\/\/hackerrangers.siteup.dev\/\"},{\"@type\":\"ListItem\",\"position\":2,\"name\":\"Privacy Policy\"}]},{\"@type\":\"WebSite\",\"@id\":\"https:\/\/hackerrangers.siteup.dev\/#website\",\"url\":\"https:\/\/hackerrangers.siteup.dev\/\",\"name\":\"Hacker Rangers\",\"description\":\"\",\"publisher\":{\"@id\":\"https:\/\/hackerrangers.siteup.dev\/#organization\"},\"potentialAction\":[{\"@type\":\"SearchAction\",\"target\":{\"@type\":\"EntryPoint\",\"urlTemplate\":\"https:\/\/hackerrangers.siteup.dev\/?s={search_term_string}\"},\"query-input\":{\"@type\":\"PropertyValueSpecification\",\"valueRequired\":true,\"valueName\":\"search_term_string\"}}],\"inLanguage\":\"pt-BR\"},{\"@type\":\"Organization\",\"@id\":\"https:\/\/hackerrangers.siteup.dev\/#organization\",\"name\":\"Hacker Rangers\",\"url\":\"https:\/\/hackerrangers.siteup.dev\/\",\"logo\":{\"@type\":\"ImageObject\",\"inLanguage\":\"pt-BR\",\"@id\":\"https:\/\/hackerrangers.siteup.dev\/#\/schema\/logo\/image\/\",\"url\":\"https:\/\/hackerrangers.siteup.dev\/wp-content\/uploads\/2025\/07\/logo.svg\",\"contentUrl\":\"https:\/\/hackerrangers.siteup.dev\/wp-content\/uploads\/2025\/07\/logo.svg\",\"width\":104,\"height\":50,\"caption\":\"Hacker Rangers\"},\"image\":{\"@id\":\"https:\/\/hackerrangers.siteup.dev\/#\/schema\/logo\/image\/\"}}]}<\/script>\n<!-- \/ Yoast SEO plugin. -->","yoast_head_json":{"title":"Pol\u00edtica de Privacidade | Hacker Rangers","robots":{"index":"noindex","follow":"follow","max-snippet":"max-snippet:-1","max-image-preview":"max-image-preview:large","max-video-preview":"max-video-preview:-1"},"og_locale":"pt_BR","og_type":"article","og_title":"Privacy Policy | Hacker Rangers","og_description":"Considering the commitment made by HACKER RANGERS SECURITY AWARENESS LLC (herein referred to as &#8220;we&#8221;, &#8220;us&#8221;, &#8220;our&#8221; and &#8220;Hacker Rangers&#8221;) to promote confidentiality and transparency about the processing of personal data, this Privacy Policy aims to inform data subjects and\/or their legal representatives about the use of their data. WHAT IS THE PROCESSING OF PERSONAL [&hellip;]","og_url":"https:\/\/hackerrangers.siteup.dev\/pt\/privacy-policy\/","og_site_name":"Hacker Rangers","article_modified_time":"2025-12-17T18:32:35+00:00","twitter_card":"summary_large_image","twitter_misc":{"Est. tempo de leitura":"6 minutos"},"schema":{"@context":"https:\/\/schema.org","@graph":[{"@type":"WebPage","@id":"https:\/\/hackerrangers.siteup.dev\/privacy-policy\/","url":"https:\/\/hackerrangers.siteup.dev\/privacy-policy\/","name":"Pol\u00edtica de Privacidade | Hacker Rangers","isPartOf":{"@id":"https:\/\/hackerrangers.siteup.dev\/#website"},"datePublished":"2025-10-03T16:17:32+00:00","dateModified":"2025-12-17T18:32:35+00:00","breadcrumb":{"@id":"https:\/\/hackerrangers.siteup.dev\/privacy-policy\/#breadcrumb"},"inLanguage":"pt-BR","potentialAction":[{"@type":"ReadAction","target":["https:\/\/hackerrangers.siteup.dev\/privacy-policy\/"]}]},{"@type":"BreadcrumbList","@id":"https:\/\/hackerrangers.siteup.dev\/privacy-policy\/#breadcrumb","itemListElement":[{"@type":"ListItem","position":1,"name":"In\u00edcio","item":"https:\/\/hackerrangers.siteup.dev\/"},{"@type":"ListItem","position":2,"name":"Privacy Policy"}]},{"@type":"WebSite","@id":"https:\/\/hackerrangers.siteup.dev\/#website","url":"https:\/\/hackerrangers.siteup.dev\/","name":"Hacker Rangers","description":"","publisher":{"@id":"https:\/\/hackerrangers.siteup.dev\/#organization"},"potentialAction":[{"@type":"SearchAction","target":{"@type":"EntryPoint","urlTemplate":"https:\/\/hackerrangers.siteup.dev\/?s={search_term_string}"},"query-input":{"@type":"PropertyValueSpecification","valueRequired":true,"valueName":"search_term_string"}}],"inLanguage":"pt-BR"},{"@type":"Organization","@id":"https:\/\/hackerrangers.siteup.dev\/#organization","name":"Hacker Rangers","url":"https:\/\/hackerrangers.siteup.dev\/","logo":{"@type":"ImageObject","inLanguage":"pt-BR","@id":"https:\/\/hackerrangers.siteup.dev\/#\/schema\/logo\/image\/","url":"https:\/\/hackerrangers.siteup.dev\/wp-content\/uploads\/2025\/07\/logo.svg","contentUrl":"https:\/\/hackerrangers.siteup.dev\/wp-content\/uploads\/2025\/07\/logo.svg","width":104,"height":50,"caption":"Hacker Rangers"},"image":{"@id":"https:\/\/hackerrangers.siteup.dev\/#\/schema\/logo\/image\/"}}]}},"_links":{"self":[{"href":"https:\/\/hackerrangers.siteup.dev\/pt\/wp-json\/wp\/v2\/pages\/1361","targetHints":{"allow":["GET"]}}],"collection":[{"href":"https:\/\/hackerrangers.siteup.dev\/pt\/wp-json\/wp\/v2\/pages"}],"about":[{"href":"https:\/\/hackerrangers.siteup.dev\/pt\/wp-json\/wp\/v2\/types\/page"}],"author":[{"embeddable":true,"href":"https:\/\/hackerrangers.siteup.dev\/pt\/wp-json\/wp\/v2\/users\/2"}],"replies":[{"embeddable":true,"href":"https:\/\/hackerrangers.siteup.dev\/pt\/wp-json\/wp\/v2\/comments?post=1361"}],"version-history":[{"count":0,"href":"https:\/\/hackerrangers.siteup.dev\/pt\/wp-json\/wp\/v2\/pages\/1361\/revisions"}],"wp:attachment":[{"href":"https:\/\/hackerrangers.siteup.dev\/pt\/wp-json\/wp\/v2\/media?parent=1361"}],"curies":[{"name":"wp","href":"https:\/\/api.w.org\/{rel}","templated":true}]}}