{"id":417,"date":"2025-07-22T17:02:41","date_gmt":"2025-07-22T20:02:41","guid":{"rendered":"https:\/\/hackerrangers.siteup.dev\/?page_id=417"},"modified":"2025-10-27T15:05:44","modified_gmt":"2025-10-27T18:05:44","slug":"contato","status":"publish","type":"page","link":"https:\/\/hackerrangers.siteup.dev\/pt\/contato\/","title":{"rendered":"Contato"},"content":{"rendered":"","protected":false},"excerpt":{"rendered":"","protected":false},"author":13,"featured_media":0,"parent":0,"menu_order":0,"comment_status":"closed","ping_status":"closed","template":"template-pages\/contact.php","meta":{"_acf_changed":false,"content-type":"","inline_featured_image":false,"footnotes":""},"class_list":["post-417","page","type-page","status-publish","hentry"],"acf":[],"yoast_head":"<!-- This site is optimized with the Yoast SEO plugin v26.9 - https:\/\/yoast.com\/product\/yoast-seo-wordpress\/ -->\n<title>Contact Us | Hacker Rangers<\/title>\n<meta name=\"description\" content=\"Contact Hacker Rangers and discover how our gamified solutions strengthen your team\u2019s digital security.\" \/>\n<meta name=\"robots\" content=\"noindex, follow, max-snippet:-1, max-image-preview:large, max-video-preview:-1\" \/>\n<meta property=\"og:locale\" content=\"pt_BR\" \/>\n<meta property=\"og:type\" content=\"article\" \/>\n<meta property=\"og:title\" content=\"Contact Us | Hacker Rangers\" \/>\n<meta property=\"og:description\" content=\"Contact Hacker Rangers and discover how our gamified solutions strengthen your team\u2019s digital security.\" \/>\n<meta property=\"og:url\" content=\"https:\/\/hackerrangers.siteup.dev\/pt\/contato\/\" \/>\n<meta property=\"og:site_name\" content=\"Hacker Rangers\" \/>\n<meta property=\"article:modified_time\" content=\"2025-10-27T18:05:44+00:00\" \/>\n<meta name=\"twitter:card\" content=\"summary_large_image\" \/>\n<script type=\"application\/ld+json\" class=\"yoast-schema-graph\">{\"@context\":\"https:\/\/schema.org\",\"@graph\":[{\"@type\":\"WebPage\",\"@id\":\"https:\/\/hackerrangers.siteup.dev\/contact-us\/\",\"url\":\"https:\/\/hackerrangers.siteup.dev\/contact-us\/\",\"name\":\"Contact Us | Hacker Rangers\",\"isPartOf\":{\"@id\":\"https:\/\/hackerrangers.siteup.dev\/#website\"},\"datePublished\":\"2025-07-22T20:02:41+00:00\",\"dateModified\":\"2025-10-27T18:05:44+00:00\",\"description\":\"Contact Hacker Rangers and discover how our gamified solutions strengthen your team\u2019s digital security.\",\"breadcrumb\":{\"@id\":\"https:\/\/hackerrangers.siteup.dev\/contact-us\/#breadcrumb\"},\"inLanguage\":\"pt-BR\",\"potentialAction\":[{\"@type\":\"ReadAction\",\"target\":[\"https:\/\/hackerrangers.siteup.dev\/contact-us\/\"]}]},{\"@type\":\"BreadcrumbList\",\"@id\":\"https:\/\/hackerrangers.siteup.dev\/contact-us\/#breadcrumb\",\"itemListElement\":[{\"@type\":\"ListItem\",\"position\":1,\"name\":\"In\u00edcio\",\"item\":\"https:\/\/hackerrangers.siteup.dev\/\"},{\"@type\":\"ListItem\",\"position\":2,\"name\":\"Contact\"}]},{\"@type\":\"WebSite\",\"@id\":\"https:\/\/hackerrangers.siteup.dev\/#website\",\"url\":\"https:\/\/hackerrangers.siteup.dev\/\",\"name\":\"Hacker Rangers\",\"description\":\"\",\"publisher\":{\"@id\":\"https:\/\/hackerrangers.siteup.dev\/#organization\"},\"potentialAction\":[{\"@type\":\"SearchAction\",\"target\":{\"@type\":\"EntryPoint\",\"urlTemplate\":\"https:\/\/hackerrangers.siteup.dev\/?s={search_term_string}\"},\"query-input\":{\"@type\":\"PropertyValueSpecification\",\"valueRequired\":true,\"valueName\":\"search_term_string\"}}],\"inLanguage\":\"pt-BR\"},{\"@type\":\"Organization\",\"@id\":\"https:\/\/hackerrangers.siteup.dev\/#organization\",\"name\":\"Hacker Rangers\",\"url\":\"https:\/\/hackerrangers.siteup.dev\/\",\"logo\":{\"@type\":\"ImageObject\",\"inLanguage\":\"pt-BR\",\"@id\":\"https:\/\/hackerrangers.siteup.dev\/#\/schema\/logo\/image\/\",\"url\":\"https:\/\/hackerrangers.siteup.dev\/wp-content\/uploads\/2025\/07\/logo.svg\",\"contentUrl\":\"https:\/\/hackerrangers.siteup.dev\/wp-content\/uploads\/2025\/07\/logo.svg\",\"width\":104,\"height\":50,\"caption\":\"Hacker Rangers\"},\"image\":{\"@id\":\"https:\/\/hackerrangers.siteup.dev\/#\/schema\/logo\/image\/\"}}]}<\/script>\n<!-- \/ Yoast SEO plugin. -->","yoast_head_json":{"title":"Entre em contato | Hacker Rangers","description":"Entre em contato com a Hacker Rangers e conhe\u00e7a como nossas solu\u00e7\u00f5es gamificadas fortalecem a seguran\u00e7a digital da sua equipe.","robots":{"index":"noindex","follow":"follow","max-snippet":"max-snippet:-1","max-image-preview":"max-image-preview:large","max-video-preview":"max-video-preview:-1"},"og_locale":"pt_BR","og_type":"article","og_title":"Contact Us | Hacker Rangers","og_description":"Contact Hacker Rangers and discover how our gamified solutions strengthen your team\u2019s digital security.","og_url":"https:\/\/hackerrangers.siteup.dev\/pt\/contato\/","og_site_name":"Hacker Rangers","article_modified_time":"2025-10-27T18:05:44+00:00","twitter_card":"summary_large_image","schema":{"@context":"https:\/\/schema.org","@graph":[{"@type":"WebPage","@id":"https:\/\/hackerrangers.siteup.dev\/contact-us\/","url":"https:\/\/hackerrangers.siteup.dev\/contact-us\/","name":"Entre em contato | Hacker Rangers","isPartOf":{"@id":"https:\/\/hackerrangers.siteup.dev\/#website"},"datePublished":"2025-07-22T20:02:41+00:00","dateModified":"2025-10-27T18:05:44+00:00","description":"Entre em contato com a Hacker Rangers e conhe\u00e7a como nossas solu\u00e7\u00f5es gamificadas fortalecem a seguran\u00e7a digital da sua equipe.","breadcrumb":{"@id":"https:\/\/hackerrangers.siteup.dev\/contact-us\/#breadcrumb"},"inLanguage":"pt-BR","potentialAction":[{"@type":"ReadAction","target":["https:\/\/hackerrangers.siteup.dev\/contact-us\/"]}]},{"@type":"BreadcrumbList","@id":"https:\/\/hackerrangers.siteup.dev\/contact-us\/#breadcrumb","itemListElement":[{"@type":"ListItem","position":1,"name":"In\u00edcio","item":"https:\/\/hackerrangers.siteup.dev\/"},{"@type":"ListItem","position":2,"name":"Contact"}]},{"@type":"WebSite","@id":"https:\/\/hackerrangers.siteup.dev\/#website","url":"https:\/\/hackerrangers.siteup.dev\/","name":"Hacker Rangers","description":"","publisher":{"@id":"https:\/\/hackerrangers.siteup.dev\/#organization"},"potentialAction":[{"@type":"SearchAction","target":{"@type":"EntryPoint","urlTemplate":"https:\/\/hackerrangers.siteup.dev\/?s={search_term_string}"},"query-input":{"@type":"PropertyValueSpecification","valueRequired":true,"valueName":"search_term_string"}}],"inLanguage":"pt-BR"},{"@type":"Organization","@id":"https:\/\/hackerrangers.siteup.dev\/#organization","name":"Hacker Rangers","url":"https:\/\/hackerrangers.siteup.dev\/","logo":{"@type":"ImageObject","inLanguage":"pt-BR","@id":"https:\/\/hackerrangers.siteup.dev\/#\/schema\/logo\/image\/","url":"https:\/\/hackerrangers.siteup.dev\/wp-content\/uploads\/2025\/07\/logo.svg","contentUrl":"https:\/\/hackerrangers.siteup.dev\/wp-content\/uploads\/2025\/07\/logo.svg","width":104,"height":50,"caption":"Hacker Rangers"},"image":{"@id":"https:\/\/hackerrangers.siteup.dev\/#\/schema\/logo\/image\/"}}]}},"_links":{"self":[{"href":"https:\/\/hackerrangers.siteup.dev\/pt\/wp-json\/wp\/v2\/pages\/417","targetHints":{"allow":["GET"]}}],"collection":[{"href":"https:\/\/hackerrangers.siteup.dev\/pt\/wp-json\/wp\/v2\/pages"}],"about":[{"href":"https:\/\/hackerrangers.siteup.dev\/pt\/wp-json\/wp\/v2\/types\/page"}],"author":[{"embeddable":true,"href":"https:\/\/hackerrangers.siteup.dev\/pt\/wp-json\/wp\/v2\/users\/13"}],"replies":[{"embeddable":true,"href":"https:\/\/hackerrangers.siteup.dev\/pt\/wp-json\/wp\/v2\/comments?post=417"}],"version-history":[{"count":0,"href":"https:\/\/hackerrangers.siteup.dev\/pt\/wp-json\/wp\/v2\/pages\/417\/revisions"}],"wp:attachment":[{"href":"https:\/\/hackerrangers.siteup.dev\/pt\/wp-json\/wp\/v2\/media?parent=417"}],"curies":[{"name":"wp","href":"https:\/\/api.w.org\/{rel}","templated":true}]}}