{"id":749,"date":"2025-08-13T17:09:55","date_gmt":"2025-08-13T20:09:55","guid":{"rendered":"https:\/\/hackerrangers.siteup.dev\/?page_id=749"},"modified":"2025-10-27T13:31:05","modified_gmt":"2025-10-27T16:31:05","slug":"trabalhe-conosco","status":"publish","type":"page","link":"https:\/\/hackerrangers.siteup.dev\/pt\/trabalhe-conosco\/","title":{"rendered":"Trabalhe conosco"},"content":{"rendered":"","protected":false},"excerpt":{"rendered":"","protected":false},"author":13,"featured_media":0,"parent":0,"menu_order":0,"comment_status":"closed","ping_status":"closed","template":"template-pages\/about-m4.php","meta":{"_acf_changed":false,"content-type":"","inline_featured_image":false,"footnotes":""},"class_list":["post-749","page","type-page","status-publish","hentry"],"acf":[],"yoast_head":"<!-- This site is optimized with the Yoast SEO plugin v26.9 - https:\/\/yoast.com\/product\/yoast-seo-wordpress\/ -->\n<title>Careers | Hacker Rangers<\/title>\n<meta name=\"description\" content=\"Join our team and help hundreds of companies protect against cybercrime through the power of gamification.\" \/>\n<meta name=\"robots\" content=\"noindex, follow, max-snippet:-1, max-image-preview:large, max-video-preview:-1\" \/>\n<meta property=\"og:locale\" content=\"pt_BR\" \/>\n<meta property=\"og:type\" content=\"article\" \/>\n<meta property=\"og:title\" content=\"Careers | Hacker Rangers\" \/>\n<meta property=\"og:description\" content=\"Join our team and help hundreds of companies protect against cybercrime through the power of gamification.\" \/>\n<meta property=\"og:url\" content=\"https:\/\/hackerrangers.siteup.dev\/pt\/trabalhe-conosco\/\" \/>\n<meta property=\"og:site_name\" content=\"Hacker Rangers\" \/>\n<meta property=\"article:modified_time\" content=\"2025-10-27T16:31:05+00:00\" \/>\n<meta name=\"twitter:card\" content=\"summary_large_image\" \/>\n<script type=\"application\/ld+json\" class=\"yoast-schema-graph\">{\"@context\":\"https:\/\/schema.org\",\"@graph\":[{\"@type\":\"WebPage\",\"@id\":\"https:\/\/hackerrangers.siteup.dev\/careers\/\",\"url\":\"https:\/\/hackerrangers.siteup.dev\/careers\/\",\"name\":\"Careers | Hacker Rangers\",\"isPartOf\":{\"@id\":\"https:\/\/hackerrangers.siteup.dev\/#website\"},\"datePublished\":\"2025-08-13T20:09:55+00:00\",\"dateModified\":\"2025-10-27T16:31:05+00:00\",\"description\":\"Join our team and help hundreds of companies protect against cybercrime through the power of gamification.\",\"breadcrumb\":{\"@id\":\"https:\/\/hackerrangers.siteup.dev\/careers\/#breadcrumb\"},\"inLanguage\":\"pt-BR\",\"potentialAction\":[{\"@type\":\"ReadAction\",\"target\":[\"https:\/\/hackerrangers.siteup.dev\/careers\/\"]}]},{\"@type\":\"BreadcrumbList\",\"@id\":\"https:\/\/hackerrangers.siteup.dev\/careers\/#breadcrumb\",\"itemListElement\":[{\"@type\":\"ListItem\",\"position\":1,\"name\":\"In\u00edcio\",\"item\":\"https:\/\/hackerrangers.siteup.dev\/\"},{\"@type\":\"ListItem\",\"position\":2,\"name\":\"Trabalhe conosco\"}]},{\"@type\":\"WebSite\",\"@id\":\"https:\/\/hackerrangers.siteup.dev\/#website\",\"url\":\"https:\/\/hackerrangers.siteup.dev\/\",\"name\":\"Hacker Rangers\",\"description\":\"\",\"publisher\":{\"@id\":\"https:\/\/hackerrangers.siteup.dev\/#organization\"},\"potentialAction\":[{\"@type\":\"SearchAction\",\"target\":{\"@type\":\"EntryPoint\",\"urlTemplate\":\"https:\/\/hackerrangers.siteup.dev\/?s={search_term_string}\"},\"query-input\":{\"@type\":\"PropertyValueSpecification\",\"valueRequired\":true,\"valueName\":\"search_term_string\"}}],\"inLanguage\":\"pt-BR\"},{\"@type\":\"Organization\",\"@id\":\"https:\/\/hackerrangers.siteup.dev\/#organization\",\"name\":\"Hacker Rangers\",\"url\":\"https:\/\/hackerrangers.siteup.dev\/\",\"logo\":{\"@type\":\"ImageObject\",\"inLanguage\":\"pt-BR\",\"@id\":\"https:\/\/hackerrangers.siteup.dev\/#\/schema\/logo\/image\/\",\"url\":\"https:\/\/hackerrangers.siteup.dev\/wp-content\/uploads\/2025\/07\/logo.svg\",\"contentUrl\":\"https:\/\/hackerrangers.siteup.dev\/wp-content\/uploads\/2025\/07\/logo.svg\",\"width\":104,\"height\":50,\"caption\":\"Hacker Rangers\"},\"image\":{\"@id\":\"https:\/\/hackerrangers.siteup.dev\/#\/schema\/logo\/image\/\"}}]}<\/script>\n<!-- \/ Yoast SEO plugin. -->","yoast_head_json":{"title":"Trabalhe Conosco | Hacker Rangers","description":"Junte-se \u00e0 Hacker Rangers e ajude centenas de empresas a se protegerem contra o crime cibern\u00e9tico por meio de gamifica\u00e7\u00e3o.","robots":{"index":"noindex","follow":"follow","max-snippet":"max-snippet:-1","max-image-preview":"max-image-preview:large","max-video-preview":"max-video-preview:-1"},"og_locale":"pt_BR","og_type":"article","og_title":"Careers | Hacker Rangers","og_description":"Join our team and help hundreds of companies protect against cybercrime through the power of gamification.","og_url":"https:\/\/hackerrangers.siteup.dev\/pt\/trabalhe-conosco\/","og_site_name":"Hacker Rangers","article_modified_time":"2025-10-27T16:31:05+00:00","twitter_card":"summary_large_image","schema":{"@context":"https:\/\/schema.org","@graph":[{"@type":"WebPage","@id":"https:\/\/hackerrangers.siteup.dev\/careers\/","url":"https:\/\/hackerrangers.siteup.dev\/careers\/","name":"Trabalhe Conosco | Hacker Rangers","isPartOf":{"@id":"https:\/\/hackerrangers.siteup.dev\/#website"},"datePublished":"2025-08-13T20:09:55+00:00","dateModified":"2025-10-27T16:31:05+00:00","description":"Junte-se \u00e0 Hacker Rangers e ajude centenas de empresas a se protegerem contra o crime cibern\u00e9tico por meio de gamifica\u00e7\u00e3o.","breadcrumb":{"@id":"https:\/\/hackerrangers.siteup.dev\/careers\/#breadcrumb"},"inLanguage":"pt-BR","potentialAction":[{"@type":"ReadAction","target":["https:\/\/hackerrangers.siteup.dev\/careers\/"]}]},{"@type":"BreadcrumbList","@id":"https:\/\/hackerrangers.siteup.dev\/careers\/#breadcrumb","itemListElement":[{"@type":"ListItem","position":1,"name":"In\u00edcio","item":"https:\/\/hackerrangers.siteup.dev\/"},{"@type":"ListItem","position":2,"name":"Trabalhe conosco"}]},{"@type":"WebSite","@id":"https:\/\/hackerrangers.siteup.dev\/#website","url":"https:\/\/hackerrangers.siteup.dev\/","name":"Hacker Rangers","description":"","publisher":{"@id":"https:\/\/hackerrangers.siteup.dev\/#organization"},"potentialAction":[{"@type":"SearchAction","target":{"@type":"EntryPoint","urlTemplate":"https:\/\/hackerrangers.siteup.dev\/?s={search_term_string}"},"query-input":{"@type":"PropertyValueSpecification","valueRequired":true,"valueName":"search_term_string"}}],"inLanguage":"pt-BR"},{"@type":"Organization","@id":"https:\/\/hackerrangers.siteup.dev\/#organization","name":"Hacker Rangers","url":"https:\/\/hackerrangers.siteup.dev\/","logo":{"@type":"ImageObject","inLanguage":"pt-BR","@id":"https:\/\/hackerrangers.siteup.dev\/#\/schema\/logo\/image\/","url":"https:\/\/hackerrangers.siteup.dev\/wp-content\/uploads\/2025\/07\/logo.svg","contentUrl":"https:\/\/hackerrangers.siteup.dev\/wp-content\/uploads\/2025\/07\/logo.svg","width":104,"height":50,"caption":"Hacker Rangers"},"image":{"@id":"https:\/\/hackerrangers.siteup.dev\/#\/schema\/logo\/image\/"}}]}},"_links":{"self":[{"href":"https:\/\/hackerrangers.siteup.dev\/pt\/wp-json\/wp\/v2\/pages\/749","targetHints":{"allow":["GET"]}}],"collection":[{"href":"https:\/\/hackerrangers.siteup.dev\/pt\/wp-json\/wp\/v2\/pages"}],"about":[{"href":"https:\/\/hackerrangers.siteup.dev\/pt\/wp-json\/wp\/v2\/types\/page"}],"author":[{"embeddable":true,"href":"https:\/\/hackerrangers.siteup.dev\/pt\/wp-json\/wp\/v2\/users\/13"}],"replies":[{"embeddable":true,"href":"https:\/\/hackerrangers.siteup.dev\/pt\/wp-json\/wp\/v2\/comments?post=749"}],"version-history":[{"count":0,"href":"https:\/\/hackerrangers.siteup.dev\/pt\/wp-json\/wp\/v2\/pages\/749\/revisions"}],"wp:attachment":[{"href":"https:\/\/hackerrangers.siteup.dev\/pt\/wp-json\/wp\/v2\/media?parent=749"}],"curies":[{"name":"wp","href":"https:\/\/api.w.org\/{rel}","templated":true}]}}